{"id":509,"date":"2025-12-09T15:40:47","date_gmt":"2025-12-09T15:40:47","guid":{"rendered":"https:\/\/crom4-studio.c.wetopi.com\/quienes-somos"},"modified":"2026-01-13T12:02:51","modified_gmt":"2026-01-13T12:02:51","slug":"quienes-somos","status":"publish","type":"page","link":"https:\/\/crom4studio.com\/es\/quienes-somos","title":{"rendered":"Quienes somos"},"content":{"rendered":"\t\t<div data-elementor-type=\"wp-page\" data-elementor-id=\"509\" class=\"elementor elementor-509 elementor-308\" data-elementor-post-type=\"page\">\n\t\t\t\t<div class=\"elementor-element elementor-element-8e6a360 e-con-full e-flex e-con e-parent\" data-id=\"8e6a360\" data-element_type=\"container\">\n\t\t\t\t<div class=\"elementor-element elementor-element-3b0f1bc elementor-widget elementor-widget-heading\" data-id=\"3b0f1bc\" data-element_type=\"widget\" data-widget_type=\"heading.default\">\n\t\t\t\t\t<h1 class=\"elementor-heading-title elementor-size-default\">Quienes somos<\/h1>\t\t\t\t<\/div>\n\t\t\t\t<div class=\"elementor-element elementor-element-51e1383 elementor-widget__width-initial elementor-widget elementor-widget-text-editor\" data-id=\"51e1383\" data-element_type=\"widget\" data-widget_type=\"text-editor.default\">\n\t\t\t\t\t\t\t\t\t<p>Crom4 Studio est\u00e0 fundat i dirigit per Davinia Pelegr\u00ed i Oriol Elcacho, models professionals i parella. Con m\u00e1s de 20 a\u00f1os de experiencia en la industria de la moda internacional.<\/p>\t\t\t\t\t\t\t\t<\/div>\n\t\t\t\t<div class=\"elementor-element elementor-element-3317a69 elementor-widget-divider--view-line elementor-widget elementor-widget-divider\" data-id=\"3317a69\" data-element_type=\"widget\" data-widget_type=\"divider.default\">\n\t\t\t\t\t\t\t<div class=\"elementor-divider\">\n\t\t\t<span class=\"elementor-divider-separator\">\n\t\t\t\t\t\t<\/span>\n\t\t<\/div>\n\t\t\t\t\t\t<\/div>\n\t\t\t\t<\/div>\n\t\t<div class=\"elementor-element elementor-element-ea4d548 e-con-full e-flex e-con e-parent\" data-id=\"ea4d548\" data-element_type=\"container\">\n\t\t<div class=\"elementor-element elementor-element-0376a66 e-con-full e-flex e-con e-child\" data-id=\"0376a66\" data-element_type=\"container\">\n\t\t\t\t<div class=\"elementor-element elementor-element-3510ab3 elementor-widget elementor-widget-text-editor\" data-id=\"3510ab3\" data-element_type=\"widget\" data-widget_type=\"text-editor.default\">\n\t\t\t\t\t\t\t\t\t<p>Davinia, con su mirada est\u00e9tica, sensibilidad por la belleza atemporal y un profundo conocimiento del sector, ha sido clave para conceptualizar el espacio.<\/p><p>A su lado, su pareja Oriol Elcacho, modelo internacional con una larga trayectoria en moda, aporta visi\u00f3n estrat\u00e9gica, criterio y una comprensi\u00f3n precisa del funcionamiento de las producciones y su log\u00edstica.<\/p><p> <\/p>\t\t\t\t\t\t\t\t<\/div>\n\t\t\t\t<\/div>\n\t\t\t\t<div class=\"elementor-element elementor-element-84a0725 elementor-widget__width-initial elementor-widget elementor-widget-image\" data-id=\"84a0725\" data-element_type=\"widget\" data-settings=\"{&quot;sticky&quot;:&quot;top&quot;,&quot;sticky_on&quot;:[&quot;desktop&quot;],&quot;sticky_offset&quot;:100,&quot;sticky_parent&quot;:&quot;yes&quot;,&quot;sticky_effects_offset&quot;:0,&quot;sticky_anchor_link_offset&quot;:0}\" data-widget_type=\"image.default\">\n\t\t\t\t\t\t\t\t\t\t\t\t\t\t\t<img fetchpriority=\"high\" decoding=\"async\" width=\"800\" height=\"533\" src=\"https:\/\/crom4studio.com\/wp-content\/uploads\/2025\/12\/CROMA-STUDIO-12-1024x682.webp\" class=\"attachment-large size-large wp-image-508\" alt=\"\" srcset=\"https:\/\/crom4studio.com\/wp-content\/uploads\/2025\/12\/CROMA-STUDIO-12-1024x682.webp 1024w, https:\/\/crom4studio.com\/wp-content\/uploads\/2025\/12\/CROMA-STUDIO-12-300x200.webp 300w, https:\/\/crom4studio.com\/wp-content\/uploads\/2025\/12\/CROMA-STUDIO-12-768x512.webp 768w, https:\/\/crom4studio.com\/wp-content\/uploads\/2025\/12\/CROMA-STUDIO-12-1536x1024.webp 1536w, https:\/\/crom4studio.com\/wp-content\/uploads\/2025\/12\/CROMA-STUDIO-12.webp 1898w\" sizes=\"(max-width: 800px) 100vw, 800px\" \/>\t\t\t\t\t\t\t\t\t\t\t\t\t\t\t<\/div>\n\t\t\t\t<\/div>\n\t\t<div class=\"elementor-element elementor-element-ec50087 e-con-full e-flex e-con e-parent\" data-id=\"ec50087\" data-element_type=\"container\">\n\t\t<div class=\"elementor-element elementor-element-05a0126 e-con-full e-flex e-con e-child\" data-id=\"05a0126\" data-element_type=\"container\">\n\t\t\t\t<div class=\"elementor-element elementor-element-87d6126 elementor-widget elementor-widget-image\" data-id=\"87d6126\" data-element_type=\"widget\" data-widget_type=\"image.default\">\n\t\t\t\t\t\t\t\t\t\t\t\t\t\t\t<img decoding=\"async\" width=\"800\" height=\"534\" src=\"https:\/\/crom4studio.com\/wp-content\/uploads\/2025\/12\/CROMA-STUDIO-02-1024x683.webp\" class=\"attachment-large size-large wp-image-483\" alt=\"\" srcset=\"https:\/\/crom4studio.com\/wp-content\/uploads\/2025\/12\/CROMA-STUDIO-02-1024x683.webp 1024w, https:\/\/crom4studio.com\/wp-content\/uploads\/2025\/12\/CROMA-STUDIO-02-300x200.webp 300w, https:\/\/crom4studio.com\/wp-content\/uploads\/2025\/12\/CROMA-STUDIO-02-768x512.webp 768w, https:\/\/crom4studio.com\/wp-content\/uploads\/2025\/12\/CROMA-STUDIO-02-1536x1024.webp 1536w, https:\/\/crom4studio.com\/wp-content\/uploads\/2025\/12\/CROMA-STUDIO-02.webp 1920w\" sizes=\"(max-width: 800px) 100vw, 800px\" \/>\t\t\t\t\t\t\t\t\t\t\t\t\t\t\t<\/div>\n\t\t\t\t<\/div>\n\t\t<div class=\"elementor-element elementor-element-96af274 e-con-full e-flex e-con e-child\" data-id=\"96af274\" data-element_type=\"container\">\n\t\t\t\t<div class=\"elementor-element elementor-element-5903273 elementor-widget elementor-widget-text-editor\" data-id=\"5903273\" data-element_type=\"widget\" data-widget_type=\"text-editor.default\">\n\t\t\t\t\t\t\t\t\t<p>Ambos comparten una manera de entender la creatividad: cercana, pr\u00e1ctica, honesta, con sentido del detalle y excelencia en el servicio.<\/p>\t\t\t\t\t\t\t\t<\/div>\n\t\t\t\t<\/div>\n\t\t\t\t<\/div>\n\t\t\t\t<\/div>\n\t\t","protected":false},"excerpt":{"rendered":"<p>Quienes somos Crom4 Studio est\u00e0 fundat i dirigit per Davinia Pelegr\u00ed i Oriol Elcacho, models professionals i parella. Con m\u00e1s de 20 a\u00f1os de experiencia en la industria de la moda internacional. Davinia, con su mirada est\u00e9tica, sensibilidad por la belleza atemporal y un profundo conocimiento del sector, ha sido clave para conceptualizar el espacio. [&hellip;]<\/p>\n","protected":false},"author":2,"featured_media":508,"parent":0,"menu_order":0,"comment_status":"closed","ping_status":"open","template":"","meta":{"_acf_changed":false,"footnotes":""},"class_list":["post-509","page","type-page","status-publish","has-post-thumbnail","hentry"],"acf":[],"yoast_head":"<!-- This site is optimized with the Yoast SEO plugin v26.5 - https:\/\/yoast.com\/wordpress\/plugins\/seo\/ -->\n<title>Quienes somos - CrOM4 Studio Girona<\/title>\n<meta name=\"description\" content=\"Crom4 Studio est\u00e1 fundado y dirigido por Davinia Pelegr\u00ed y Oriol Elcacho, modelos profesionales con m\u00e1s 20 a\u00f1os de experiencia en la industria de la moda\" \/>\n<meta name=\"robots\" content=\"index, follow, max-snippet:-1, max-image-preview:large, max-video-preview:-1\" \/>\n<link rel=\"canonical\" href=\"https:\/\/crom4studio.com\/es\/quienes-somos\" \/>\n<meta property=\"og:locale\" content=\"es_ES\" \/>\n<meta property=\"og:type\" content=\"article\" \/>\n<meta property=\"og:title\" content=\"Quienes somos - CrOM4 Studio Girona\" \/>\n<meta property=\"og:description\" content=\"Crom4 Studio est\u00e1 fundado y dirigido por Davinia Pelegr\u00ed y Oriol Elcacho, modelos profesionales con m\u00e1s 20 a\u00f1os de experiencia en la industria de la moda\" \/>\n<meta property=\"og:url\" content=\"https:\/\/crom4studio.com\/es\/quienes-somos\" \/>\n<meta property=\"og:site_name\" content=\"CrOM4 Studio Girona\" \/>\n<meta property=\"article:modified_time\" content=\"2026-01-13T12:02:51+00:00\" \/>\n<meta property=\"og:image\" content=\"https:\/\/crom4studio.com\/wp-content\/uploads\/2025\/12\/CROMA-STUDIO-12.webp\" \/>\n\t<meta property=\"og:image:width\" content=\"1898\" \/>\n\t<meta property=\"og:image:height\" content=\"1265\" \/>\n\t<meta property=\"og:image:type\" content=\"image\/webp\" \/>\n<meta name=\"twitter:card\" content=\"summary_large_image\" \/>\n<meta name=\"twitter:label1\" content=\"Tiempo de lectura\" \/>\n\t<meta name=\"twitter:data1\" content=\"1 minuto\" \/>\n<script type=\"application\/ld+json\" class=\"yoast-schema-graph\">{\"@context\":\"https:\/\/schema.org\",\"@graph\":[{\"@type\":\"WebPage\",\"@id\":\"https:\/\/crom4studio.com\/es\/quienes-somos\",\"url\":\"https:\/\/crom4studio.com\/es\/quienes-somos\",\"name\":\"Quienes somos - CrOM4 Studio Girona\",\"isPartOf\":{\"@id\":\"https:\/\/crom4studio.com\/es#website\"},\"primaryImageOfPage\":{\"@id\":\"https:\/\/crom4studio.com\/es\/quienes-somos#primaryimage\"},\"image\":{\"@id\":\"https:\/\/crom4studio.com\/es\/quienes-somos#primaryimage\"},\"thumbnailUrl\":\"https:\/\/crom4studio.com\/wp-content\/uploads\/2025\/12\/CROMA-STUDIO-12.webp\",\"datePublished\":\"2025-12-09T15:40:47+00:00\",\"dateModified\":\"2026-01-13T12:02:51+00:00\",\"description\":\"Crom4 Studio est\u00e1 fundado y dirigido por Davinia Pelegr\u00ed y Oriol Elcacho, modelos profesionales con m\u00e1s 20 a\u00f1os de experiencia en la industria de la moda\",\"breadcrumb\":{\"@id\":\"https:\/\/crom4studio.com\/es\/quienes-somos#breadcrumb\"},\"inLanguage\":\"es\",\"potentialAction\":[{\"@type\":\"ReadAction\",\"target\":[\"https:\/\/crom4studio.com\/es\/quienes-somos\"]}]},{\"@type\":\"ImageObject\",\"inLanguage\":\"es\",\"@id\":\"https:\/\/crom4studio.com\/es\/quienes-somos#primaryimage\",\"url\":\"https:\/\/crom4studio.com\/wp-content\/uploads\/2025\/12\/CROMA-STUDIO-12.webp\",\"contentUrl\":\"https:\/\/crom4studio.com\/wp-content\/uploads\/2025\/12\/CROMA-STUDIO-12.webp\",\"width\":1898,\"height\":1265},{\"@type\":\"BreadcrumbList\",\"@id\":\"https:\/\/crom4studio.com\/es\/quienes-somos#breadcrumb\",\"itemListElement\":[{\"@type\":\"ListItem\",\"position\":1,\"name\":\"Portada\",\"item\":\"https:\/\/crom4studio.com\/es\/inicio\"},{\"@type\":\"ListItem\",\"position\":2,\"name\":\"Quienes somos\"}]},{\"@type\":\"WebSite\",\"@id\":\"https:\/\/crom4studio.com\/es#website\",\"url\":\"https:\/\/crom4studio.com\/es\",\"name\":\"CrOM4 Studio Girona\",\"description\":\"Photo &amp; Film Rental Studio\",\"publisher\":{\"@id\":\"https:\/\/crom4studio.com\/es#organization\"},\"potentialAction\":[{\"@type\":\"SearchAction\",\"target\":{\"@type\":\"EntryPoint\",\"urlTemplate\":\"https:\/\/crom4studio.com\/es?s={search_term_string}\"},\"query-input\":{\"@type\":\"PropertyValueSpecification\",\"valueRequired\":true,\"valueName\":\"search_term_string\"}}],\"inLanguage\":\"es\"},{\"@type\":\"Organization\",\"@id\":\"https:\/\/crom4studio.com\/es#organization\",\"name\":\"CrOM4 Studio Girona\",\"url\":\"https:\/\/crom4studio.com\/es\",\"logo\":{\"@type\":\"ImageObject\",\"inLanguage\":\"es\",\"@id\":\"https:\/\/crom4studio.com\/es#\/schema\/logo\/image\/\",\"url\":\"https:\/\/crom4studio.com\/wp-content\/uploads\/2025\/12\/descarga.png\",\"contentUrl\":\"https:\/\/crom4studio.com\/wp-content\/uploads\/2025\/12\/descarga.png\",\"width\":448,\"height\":636,\"caption\":\"CrOM4 Studio Girona\"},\"image\":{\"@id\":\"https:\/\/crom4studio.com\/es#\/schema\/logo\/image\/\"}}]}<\/script>\n<!-- \/ Yoast SEO plugin. -->","yoast_head_json":{"title":"Quienes somos - CrOM4 Studio Girona","description":"Crom4 Studio est\u00e1 fundado y dirigido por Davinia Pelegr\u00ed y Oriol Elcacho, modelos profesionales con m\u00e1s 20 a\u00f1os de experiencia en la industria de la moda","robots":{"index":"index","follow":"follow","max-snippet":"max-snippet:-1","max-image-preview":"max-image-preview:large","max-video-preview":"max-video-preview:-1"},"canonical":"https:\/\/crom4studio.com\/es\/quienes-somos","og_locale":"es_ES","og_type":"article","og_title":"Quienes somos - CrOM4 Studio Girona","og_description":"Crom4 Studio est\u00e1 fundado y dirigido por Davinia Pelegr\u00ed y Oriol Elcacho, modelos profesionales con m\u00e1s 20 a\u00f1os de experiencia en la industria de la moda","og_url":"https:\/\/crom4studio.com\/es\/quienes-somos","og_site_name":"CrOM4 Studio Girona","article_modified_time":"2026-01-13T12:02:51+00:00","og_image":[{"width":1898,"height":1265,"url":"https:\/\/crom4studio.com\/wp-content\/uploads\/2025\/12\/CROMA-STUDIO-12.webp","type":"image\/webp"}],"twitter_card":"summary_large_image","twitter_misc":{"Tiempo de lectura":"1 minuto"},"schema":{"@context":"https:\/\/schema.org","@graph":[{"@type":"WebPage","@id":"https:\/\/crom4studio.com\/es\/quienes-somos","url":"https:\/\/crom4studio.com\/es\/quienes-somos","name":"Quienes somos - CrOM4 Studio Girona","isPartOf":{"@id":"https:\/\/crom4studio.com\/es#website"},"primaryImageOfPage":{"@id":"https:\/\/crom4studio.com\/es\/quienes-somos#primaryimage"},"image":{"@id":"https:\/\/crom4studio.com\/es\/quienes-somos#primaryimage"},"thumbnailUrl":"https:\/\/crom4studio.com\/wp-content\/uploads\/2025\/12\/CROMA-STUDIO-12.webp","datePublished":"2025-12-09T15:40:47+00:00","dateModified":"2026-01-13T12:02:51+00:00","description":"Crom4 Studio est\u00e1 fundado y dirigido por Davinia Pelegr\u00ed y Oriol Elcacho, modelos profesionales con m\u00e1s 20 a\u00f1os de experiencia en la industria de la moda","breadcrumb":{"@id":"https:\/\/crom4studio.com\/es\/quienes-somos#breadcrumb"},"inLanguage":"es","potentialAction":[{"@type":"ReadAction","target":["https:\/\/crom4studio.com\/es\/quienes-somos"]}]},{"@type":"ImageObject","inLanguage":"es","@id":"https:\/\/crom4studio.com\/es\/quienes-somos#primaryimage","url":"https:\/\/crom4studio.com\/wp-content\/uploads\/2025\/12\/CROMA-STUDIO-12.webp","contentUrl":"https:\/\/crom4studio.com\/wp-content\/uploads\/2025\/12\/CROMA-STUDIO-12.webp","width":1898,"height":1265},{"@type":"BreadcrumbList","@id":"https:\/\/crom4studio.com\/es\/quienes-somos#breadcrumb","itemListElement":[{"@type":"ListItem","position":1,"name":"Portada","item":"https:\/\/crom4studio.com\/es\/inicio"},{"@type":"ListItem","position":2,"name":"Quienes somos"}]},{"@type":"WebSite","@id":"https:\/\/crom4studio.com\/es#website","url":"https:\/\/crom4studio.com\/es","name":"CrOM4 Studio Girona","description":"Photo &amp; Film Rental Studio","publisher":{"@id":"https:\/\/crom4studio.com\/es#organization"},"potentialAction":[{"@type":"SearchAction","target":{"@type":"EntryPoint","urlTemplate":"https:\/\/crom4studio.com\/es?s={search_term_string}"},"query-input":{"@type":"PropertyValueSpecification","valueRequired":true,"valueName":"search_term_string"}}],"inLanguage":"es"},{"@type":"Organization","@id":"https:\/\/crom4studio.com\/es#organization","name":"CrOM4 Studio Girona","url":"https:\/\/crom4studio.com\/es","logo":{"@type":"ImageObject","inLanguage":"es","@id":"https:\/\/crom4studio.com\/es#\/schema\/logo\/image\/","url":"https:\/\/crom4studio.com\/wp-content\/uploads\/2025\/12\/descarga.png","contentUrl":"https:\/\/crom4studio.com\/wp-content\/uploads\/2025\/12\/descarga.png","width":448,"height":636,"caption":"CrOM4 Studio Girona"},"image":{"@id":"https:\/\/crom4studio.com\/es#\/schema\/logo\/image\/"}}]}},"_links":{"self":[{"href":"https:\/\/crom4studio.com\/es\/wp-json\/wp\/v2\/pages\/509","targetHints":{"allow":["GET"]}}],"collection":[{"href":"https:\/\/crom4studio.com\/es\/wp-json\/wp\/v2\/pages"}],"about":[{"href":"https:\/\/crom4studio.com\/es\/wp-json\/wp\/v2\/types\/page"}],"author":[{"embeddable":true,"href":"https:\/\/crom4studio.com\/es\/wp-json\/wp\/v2\/users\/2"}],"replies":[{"embeddable":true,"href":"https:\/\/crom4studio.com\/es\/wp-json\/wp\/v2\/comments?post=509"}],"version-history":[{"count":2,"href":"https:\/\/crom4studio.com\/es\/wp-json\/wp\/v2\/pages\/509\/revisions"}],"predecessor-version":[{"id":907,"href":"https:\/\/crom4studio.com\/es\/wp-json\/wp\/v2\/pages\/509\/revisions\/907"}],"wp:featuredmedia":[{"embeddable":true,"href":"https:\/\/crom4studio.com\/es\/wp-json\/wp\/v2\/media\/508"}],"wp:attachment":[{"href":"https:\/\/crom4studio.com\/es\/wp-json\/wp\/v2\/media?parent=509"}],"curies":[{"name":"wp","href":"https:\/\/api.w.org\/{rel}","templated":true}]}}