{"id":501,"date":"2025-12-09T14:58:33","date_gmt":"2025-12-09T14:58:33","guid":{"rendered":"https:\/\/crom4-studio.c.wetopi.com\/eventos-produccion"},"modified":"2026-01-13T11:36:01","modified_gmt":"2026-01-13T11:36:01","slug":"eventos-produccion","status":"publish","type":"page","link":"https:\/\/crom4studio.com\/es\/eventos-produccion","title":{"rendered":"Eventos"},"content":{"rendered":"\t\t<div data-elementor-type=\"wp-page\" data-elementor-id=\"501\" class=\"elementor elementor-501 elementor-249\" data-elementor-post-type=\"page\">\n\t\t\t\t<div class=\"elementor-element elementor-element-146a372 e-con-full e-flex e-con e-parent\" data-id=\"146a372\" data-element_type=\"container\">\n\t\t<div class=\"elementor-element elementor-element-f3f2d4f e-con-full e-flex e-con e-child\" data-id=\"f3f2d4f\" data-element_type=\"container\">\n\t\t\t\t<div class=\"elementor-element elementor-element-585ff77 elementor-widget elementor-widget-heading\" data-id=\"585ff77\" data-element_type=\"widget\" data-widget_type=\"heading.default\">\n\t\t\t\t\t<h1 class=\"elementor-heading-title elementor-size-default\">Eventos<\/h1>\t\t\t\t<\/div>\n\t\t\t\t<div class=\"elementor-element elementor-element-abda420 elementor-widget elementor-widget-text-editor\" data-id=\"abda420\" data-element_type=\"widget\" data-widget_type=\"text-editor.default\">\n\t\t\t\t\t\t\t\t\t<p>Nuestro espacio est\u00e1 preparado para acoger todo tipo de eventos, desde teambuildings hasta exposiciones de arte y mucho m\u00e1s.<\/p>\t\t\t\t\t\t\t\t<\/div>\n\t\t\t\t<\/div>\n\t\t\t\t<div class=\"elementor-element elementor-element-fb38721 elementor-align-left elementor-widget__width-initial elementor-icon-list--layout-traditional elementor-list-item-link-full_width elementor-widget elementor-widget-icon-list\" data-id=\"fb38721\" data-element_type=\"widget\" data-widget_type=\"icon-list.default\">\n\t\t\t\t\t\t\t<ul class=\"elementor-icon-list-items\">\n\t\t\t\t\t\t\t<li class=\"elementor-icon-list-item\">\n\t\t\t\t\t\t\t\t\t\t<span class=\"elementor-icon-list-text\">Reuniones y encuentros corporativos<\/span>\n\t\t\t\t\t\t\t\t\t<\/li>\n\t\t\t\t\t\t\t\t<li class=\"elementor-icon-list-item\">\n\t\t\t\t\t\t\t\t\t\t<span class=\"elementor-icon-list-text\">Teambuildings<\/span>\n\t\t\t\t\t\t\t\t\t<\/li>\n\t\t\t\t\t\t\t\t<li class=\"elementor-icon-list-item\">\n\t\t\t\t\t\t\t\t\t\t<span class=\"elementor-icon-list-text\">Exposiciones e instalaciones art\u00edsticas<\/span>\n\t\t\t\t\t\t\t\t\t<\/li>\n\t\t\t\t\t\t\t\t<li class=\"elementor-icon-list-item\">\n\t\t\t\t\t\t\t\t\t\t<span class=\"elementor-icon-list-text\">Tiendas ef\u00edmeras (popup stores)<\/span>\n\t\t\t\t\t\t\t\t\t<\/li>\n\t\t\t\t\t\t\t\t<li class=\"elementor-icon-list-item\">\n\t\t\t\t\t\t\t\t\t\t<span class=\"elementor-icon-list-text\">Cursos y charlas<\/span>\n\t\t\t\t\t\t\t\t\t<\/li>\n\t\t\t\t\t\t\t\t<li class=\"elementor-icon-list-item\">\n\t\t\t\t\t\t\t\t\t\t<span class=\"elementor-icon-list-text\">Presentaciones de productos<\/span>\n\t\t\t\t\t\t\t\t\t<\/li>\n\t\t\t\t\t\t<\/ul>\n\t\t\t\t\t\t<\/div>\n\t\t\t\t<\/div>\n\t\t\t\t<\/div>\n\t\t","protected":false},"excerpt":{"rendered":"<p>Eventos Nuestro espacio est\u00e1 preparado para acoger todo tipo de eventos, desde teambuildings hasta exposiciones de arte y mucho m\u00e1s. Reuniones y encuentros corporativos Teambuildings Exposiciones e instalaciones art\u00edsticas Tiendas ef\u00edmeras (popup stores) Cursos y charlas Presentaciones de productos<\/p>\n","protected":false},"author":2,"featured_media":482,"parent":0,"menu_order":0,"comment_status":"closed","ping_status":"open","template":"","meta":{"_acf_changed":false,"footnotes":""},"class_list":["post-501","page","type-page","status-publish","has-post-thumbnail","hentry"],"acf":[],"yoast_head":"<!-- This site is optimized with the Yoast SEO plugin v26.5 - https:\/\/yoast.com\/wordpress\/plugins\/seo\/ -->\n<title>Eventos - CrOM4 Studio Girona<\/title>\n<meta name=\"description\" content=\"Cr0M4 Studio est\u00e1 preparado para acoger todo tipo de eventos, desde team buildings hasta exposiciones de arte y mucho m\u00e1s.\" \/>\n<meta name=\"robots\" content=\"index, follow, max-snippet:-1, max-image-preview:large, max-video-preview:-1\" \/>\n<link rel=\"canonical\" href=\"https:\/\/crom4studio.com\/es\/eventos-produccion\" \/>\n<meta property=\"og:locale\" content=\"es_ES\" \/>\n<meta property=\"og:type\" content=\"article\" \/>\n<meta property=\"og:title\" content=\"Eventos - CrOM4 Studio Girona\" \/>\n<meta property=\"og:description\" content=\"Cr0M4 Studio est\u00e1 preparado para acoger todo tipo de eventos, desde team buildings hasta exposiciones de arte y mucho m\u00e1s.\" \/>\n<meta property=\"og:url\" content=\"https:\/\/crom4studio.com\/es\/eventos-produccion\" \/>\n<meta property=\"og:site_name\" content=\"CrOM4 Studio Girona\" \/>\n<meta property=\"article:modified_time\" content=\"2026-01-13T11:36:01+00:00\" \/>\n<meta property=\"og:image\" content=\"https:\/\/crom4studio.com\/wp-content\/uploads\/2025\/12\/CROMA-STUDIO-04.webp\" \/>\n\t<meta property=\"og:image:width\" content=\"1920\" \/>\n\t<meta property=\"og:image:height\" content=\"1235\" \/>\n\t<meta property=\"og:image:type\" content=\"image\/webp\" \/>\n<meta name=\"twitter:card\" content=\"summary_large_image\" \/>\n<script type=\"application\/ld+json\" class=\"yoast-schema-graph\">{\"@context\":\"https:\/\/schema.org\",\"@graph\":[{\"@type\":\"WebPage\",\"@id\":\"https:\/\/crom4studio.com\/es\/eventos-produccion\",\"url\":\"https:\/\/crom4studio.com\/es\/eventos-produccion\",\"name\":\"Eventos - CrOM4 Studio Girona\",\"isPartOf\":{\"@id\":\"https:\/\/crom4studio.com\/es#website\"},\"primaryImageOfPage\":{\"@id\":\"https:\/\/crom4studio.com\/es\/eventos-produccion#primaryimage\"},\"image\":{\"@id\":\"https:\/\/crom4studio.com\/es\/eventos-produccion#primaryimage\"},\"thumbnailUrl\":\"https:\/\/crom4studio.com\/wp-content\/uploads\/2025\/12\/CROMA-STUDIO-04.webp\",\"datePublished\":\"2025-12-09T14:58:33+00:00\",\"dateModified\":\"2026-01-13T11:36:01+00:00\",\"description\":\"Cr0M4 Studio est\u00e1 preparado para acoger todo tipo de eventos, desde team buildings hasta exposiciones de arte y mucho m\u00e1s.\",\"breadcrumb\":{\"@id\":\"https:\/\/crom4studio.com\/es\/eventos-produccion#breadcrumb\"},\"inLanguage\":\"es\",\"potentialAction\":[{\"@type\":\"ReadAction\",\"target\":[\"https:\/\/crom4studio.com\/es\/eventos-produccion\"]}]},{\"@type\":\"ImageObject\",\"inLanguage\":\"es\",\"@id\":\"https:\/\/crom4studio.com\/es\/eventos-produccion#primaryimage\",\"url\":\"https:\/\/crom4studio.com\/wp-content\/uploads\/2025\/12\/CROMA-STUDIO-04.webp\",\"contentUrl\":\"https:\/\/crom4studio.com\/wp-content\/uploads\/2025\/12\/CROMA-STUDIO-04.webp\",\"width\":1920,\"height\":1235},{\"@type\":\"BreadcrumbList\",\"@id\":\"https:\/\/crom4studio.com\/es\/eventos-produccion#breadcrumb\",\"itemListElement\":[{\"@type\":\"ListItem\",\"position\":1,\"name\":\"Portada\",\"item\":\"https:\/\/crom4studio.com\/es\/inicio\"},{\"@type\":\"ListItem\",\"position\":2,\"name\":\"Eventos\"}]},{\"@type\":\"WebSite\",\"@id\":\"https:\/\/crom4studio.com\/es#website\",\"url\":\"https:\/\/crom4studio.com\/es\",\"name\":\"CrOM4 Studio Girona\",\"description\":\"Photo &amp; Film Rental Studio\",\"publisher\":{\"@id\":\"https:\/\/crom4studio.com\/es#organization\"},\"potentialAction\":[{\"@type\":\"SearchAction\",\"target\":{\"@type\":\"EntryPoint\",\"urlTemplate\":\"https:\/\/crom4studio.com\/es?s={search_term_string}\"},\"query-input\":{\"@type\":\"PropertyValueSpecification\",\"valueRequired\":true,\"valueName\":\"search_term_string\"}}],\"inLanguage\":\"es\"},{\"@type\":\"Organization\",\"@id\":\"https:\/\/crom4studio.com\/es#organization\",\"name\":\"CrOM4 Studio Girona\",\"url\":\"https:\/\/crom4studio.com\/es\",\"logo\":{\"@type\":\"ImageObject\",\"inLanguage\":\"es\",\"@id\":\"https:\/\/crom4studio.com\/es#\/schema\/logo\/image\/\",\"url\":\"https:\/\/crom4studio.com\/wp-content\/uploads\/2025\/12\/descarga.png\",\"contentUrl\":\"https:\/\/crom4studio.com\/wp-content\/uploads\/2025\/12\/descarga.png\",\"width\":448,\"height\":636,\"caption\":\"CrOM4 Studio Girona\"},\"image\":{\"@id\":\"https:\/\/crom4studio.com\/es#\/schema\/logo\/image\/\"}}]}<\/script>\n<!-- \/ Yoast SEO plugin. -->","yoast_head_json":{"title":"Eventos - CrOM4 Studio Girona","description":"Cr0M4 Studio est\u00e1 preparado para acoger todo tipo de eventos, desde team buildings hasta exposiciones de arte y mucho m\u00e1s.","robots":{"index":"index","follow":"follow","max-snippet":"max-snippet:-1","max-image-preview":"max-image-preview:large","max-video-preview":"max-video-preview:-1"},"canonical":"https:\/\/crom4studio.com\/es\/eventos-produccion","og_locale":"es_ES","og_type":"article","og_title":"Eventos - CrOM4 Studio Girona","og_description":"Cr0M4 Studio est\u00e1 preparado para acoger todo tipo de eventos, desde team buildings hasta exposiciones de arte y mucho m\u00e1s.","og_url":"https:\/\/crom4studio.com\/es\/eventos-produccion","og_site_name":"CrOM4 Studio Girona","article_modified_time":"2026-01-13T11:36:01+00:00","og_image":[{"width":1920,"height":1235,"url":"https:\/\/crom4studio.com\/wp-content\/uploads\/2025\/12\/CROMA-STUDIO-04.webp","type":"image\/webp"}],"twitter_card":"summary_large_image","schema":{"@context":"https:\/\/schema.org","@graph":[{"@type":"WebPage","@id":"https:\/\/crom4studio.com\/es\/eventos-produccion","url":"https:\/\/crom4studio.com\/es\/eventos-produccion","name":"Eventos - CrOM4 Studio Girona","isPartOf":{"@id":"https:\/\/crom4studio.com\/es#website"},"primaryImageOfPage":{"@id":"https:\/\/crom4studio.com\/es\/eventos-produccion#primaryimage"},"image":{"@id":"https:\/\/crom4studio.com\/es\/eventos-produccion#primaryimage"},"thumbnailUrl":"https:\/\/crom4studio.com\/wp-content\/uploads\/2025\/12\/CROMA-STUDIO-04.webp","datePublished":"2025-12-09T14:58:33+00:00","dateModified":"2026-01-13T11:36:01+00:00","description":"Cr0M4 Studio est\u00e1 preparado para acoger todo tipo de eventos, desde team buildings hasta exposiciones de arte y mucho m\u00e1s.","breadcrumb":{"@id":"https:\/\/crom4studio.com\/es\/eventos-produccion#breadcrumb"},"inLanguage":"es","potentialAction":[{"@type":"ReadAction","target":["https:\/\/crom4studio.com\/es\/eventos-produccion"]}]},{"@type":"ImageObject","inLanguage":"es","@id":"https:\/\/crom4studio.com\/es\/eventos-produccion#primaryimage","url":"https:\/\/crom4studio.com\/wp-content\/uploads\/2025\/12\/CROMA-STUDIO-04.webp","contentUrl":"https:\/\/crom4studio.com\/wp-content\/uploads\/2025\/12\/CROMA-STUDIO-04.webp","width":1920,"height":1235},{"@type":"BreadcrumbList","@id":"https:\/\/crom4studio.com\/es\/eventos-produccion#breadcrumb","itemListElement":[{"@type":"ListItem","position":1,"name":"Portada","item":"https:\/\/crom4studio.com\/es\/inicio"},{"@type":"ListItem","position":2,"name":"Eventos"}]},{"@type":"WebSite","@id":"https:\/\/crom4studio.com\/es#website","url":"https:\/\/crom4studio.com\/es","name":"CrOM4 Studio Girona","description":"Photo &amp; Film Rental Studio","publisher":{"@id":"https:\/\/crom4studio.com\/es#organization"},"potentialAction":[{"@type":"SearchAction","target":{"@type":"EntryPoint","urlTemplate":"https:\/\/crom4studio.com\/es?s={search_term_string}"},"query-input":{"@type":"PropertyValueSpecification","valueRequired":true,"valueName":"search_term_string"}}],"inLanguage":"es"},{"@type":"Organization","@id":"https:\/\/crom4studio.com\/es#organization","name":"CrOM4 Studio Girona","url":"https:\/\/crom4studio.com\/es","logo":{"@type":"ImageObject","inLanguage":"es","@id":"https:\/\/crom4studio.com\/es#\/schema\/logo\/image\/","url":"https:\/\/crom4studio.com\/wp-content\/uploads\/2025\/12\/descarga.png","contentUrl":"https:\/\/crom4studio.com\/wp-content\/uploads\/2025\/12\/descarga.png","width":448,"height":636,"caption":"CrOM4 Studio Girona"},"image":{"@id":"https:\/\/crom4studio.com\/es#\/schema\/logo\/image\/"}}]}},"_links":{"self":[{"href":"https:\/\/crom4studio.com\/es\/wp-json\/wp\/v2\/pages\/501","targetHints":{"allow":["GET"]}}],"collection":[{"href":"https:\/\/crom4studio.com\/es\/wp-json\/wp\/v2\/pages"}],"about":[{"href":"https:\/\/crom4studio.com\/es\/wp-json\/wp\/v2\/types\/page"}],"author":[{"embeddable":true,"href":"https:\/\/crom4studio.com\/es\/wp-json\/wp\/v2\/users\/2"}],"replies":[{"embeddable":true,"href":"https:\/\/crom4studio.com\/es\/wp-json\/wp\/v2\/comments?post=501"}],"version-history":[{"count":3,"href":"https:\/\/crom4studio.com\/es\/wp-json\/wp\/v2\/pages\/501\/revisions"}],"predecessor-version":[{"id":856,"href":"https:\/\/crom4studio.com\/es\/wp-json\/wp\/v2\/pages\/501\/revisions\/856"}],"wp:featuredmedia":[{"embeddable":true,"href":"https:\/\/crom4studio.com\/es\/wp-json\/wp\/v2\/media\/482"}],"wp:attachment":[{"href":"https:\/\/crom4studio.com\/es\/wp-json\/wp\/v2\/media?parent=501"}],"curies":[{"name":"wp","href":"https:\/\/api.w.org\/{rel}","templated":true}]}}