{"id":499,"date":"2025-12-09T12:04:12","date_gmt":"2025-12-09T12:04:12","guid":{"rendered":"https:\/\/crom4-studio.c.wetopi.com\/el-estudio"},"modified":"2026-01-13T15:04:11","modified_gmt":"2026-01-13T15:04:11","slug":"el-estudio","status":"publish","type":"page","link":"https:\/\/crom4studio.com\/es\/el-estudio","title":{"rendered":"El estudio"},"content":{"rendered":"\t\t<div data-elementor-type=\"wp-page\" data-elementor-id=\"499\" class=\"elementor elementor-499 elementor-113\" data-elementor-post-type=\"page\">\n\t\t\t\t<div class=\"elementor-element elementor-element-8e6a360 e-con-full e-flex e-con e-parent\" data-id=\"8e6a360\" data-element_type=\"container\">\n\t\t<div class=\"elementor-element elementor-element-608ff90 e-con-full e-flex e-con e-child\" data-id=\"608ff90\" data-element_type=\"container\">\n\t\t\t\t<div class=\"elementor-element elementor-element-3b0f1bc elementor-widget elementor-widget-heading\" data-id=\"3b0f1bc\" data-element_type=\"widget\" data-widget_type=\"heading.default\">\n\t\t\t\t\t<h1 class=\"elementor-heading-title elementor-size-default\">El Estudio<\/h1>\t\t\t\t<\/div>\n\t\t\t\t<div class=\"elementor-element elementor-element-51e1383 elementor-widget elementor-widget-text-editor\" data-id=\"51e1383\" data-element_type=\"widget\" data-widget_type=\"text-editor.default\">\n\t\t\t\t\t\t\t\t\t<p>El estudio combina estructura industrial, luz natural y funcionalidad profesional.<\/p><p>El dise\u00f1o abierto y modular permite configurar el espacio seg\u00fan las necesidades de cada proyecto, manteniendo siempre el equilibrio entre comodidad, est\u00e9tica y eficiencia.<\/p><p>Los techos altos de 3,7 metros y todo el espacio di\u00e1fano crean una atm\u00f3sfera moderna y neutra que se adapta a cualquier tipo de producci\u00f3n.<\/p>\t\t\t\t\t\t\t\t<\/div>\n\t\t\t\t<\/div>\n\t\t<div class=\"elementor-element elementor-element-773f3e4 e-con-full e-flex e-con e-child\" data-id=\"773f3e4\" data-element_type=\"container\" data-settings=\"{&quot;sticky&quot;:&quot;top&quot;,&quot;sticky_on&quot;:[&quot;desktop&quot;],&quot;sticky_offset&quot;:100,&quot;sticky_parent&quot;:&quot;yes&quot;,&quot;sticky_effects_offset&quot;:0,&quot;sticky_anchor_link_offset&quot;:0}\">\n\t\t\t\t<div class=\"elementor-element elementor-element-0b6d72f elementor-widget elementor-widget-image\" data-id=\"0b6d72f\" data-element_type=\"widget\" data-widget_type=\"image.default\">\n\t\t\t\t\t\t\t\t\t\t\t\t\t\t\t\t<a href=\"https:\/\/crom4studio.com\/wp-content\/uploads\/2025\/12\/CROMA-STUDIO-PLANO.png\" data-elementor-open-lightbox=\"yes\" data-e-action-hash=\"#elementor-action%3Aaction%3Dlightbox%26settings%3DeyJpZCI6NDk0LCJ1cmwiOiJodHRwczpcL1wvY3JvbTRzdHVkaW8uY29tXC93cC1jb250ZW50XC91cGxvYWRzXC8yMDI1XC8xMlwvQ1JPTUEtU1RVRElPLVBMQU5PLnBuZyJ9\">\n\t\t\t\t\t\t\t<img fetchpriority=\"high\" decoding=\"async\" width=\"800\" height=\"809\" src=\"https:\/\/crom4studio.com\/wp-content\/uploads\/2025\/12\/CROMA-STUDIO-PLANO.png\" class=\"attachment-large size-large wp-image-494\" alt=\"\" srcset=\"https:\/\/crom4studio.com\/wp-content\/uploads\/2025\/12\/CROMA-STUDIO-PLANO.png 930w, https:\/\/crom4studio.com\/wp-content\/uploads\/2025\/12\/CROMA-STUDIO-PLANO-297x300.png 297w, https:\/\/crom4studio.com\/wp-content\/uploads\/2025\/12\/CROMA-STUDIO-PLANO-768x776.png 768w\" sizes=\"(max-width: 800px) 100vw, 800px\" \/>\t\t\t\t\t\t\t\t<\/a>\n\t\t\t\t\t\t\t\t\t\t\t\t\t\t\t<\/div>\n\t\t\t\t<div class=\"elementor-element elementor-element-cf047a6 elementor-widget elementor-widget-text-editor\" data-id=\"cf047a6\" data-element_type=\"widget\" data-widget_type=\"text-editor.default\">\n\t\t\t\t\t\t\t\t\t<p>C\/Saragossa 4, Local.<br>17004. Girona<\/p>\t\t\t\t\t\t\t\t<\/div>\n\t\t\t\t<\/div>\n\t\t\t\t<\/div>\n\t\t<div class=\"elementor-element elementor-element-6800ec6 e-con-full e-flex e-con e-parent\" data-id=\"6800ec6\" data-element_type=\"container\">\n\t\t\t\t<div class=\"elementor-element elementor-element-b47d26a elementor-widget elementor-widget-heading\" data-id=\"b47d26a\" data-element_type=\"widget\" data-widget_type=\"heading.default\">\n\t\t\t\t\t<h1 class=\"elementor-heading-title elementor-size-default\">Espacios<\/h1>\t\t\t\t<\/div>\n\t\t<div class=\"elementor-element elementor-element-013c5bc e-con-full e-flex e-con e-child\" data-id=\"013c5bc\" data-element_type=\"container\">\n\t\t\t\t<div class=\"elementor-element elementor-element-c91ac6a elementor-widget__width-initial elementor-widget elementor-widget-text-editor\" data-id=\"c91ac6a\" data-element_type=\"widget\" data-widget_type=\"text-editor.default\">\n\t\t\t\t\t\t\t\t\t<p>Plat\u00f3<\/p>\t\t\t\t\t\t\t\t<\/div>\n\t\t\t\t<div class=\"elementor-element elementor-element-2dc8e4e elementor-absolute plato elementor-widget elementor-widget-image\" data-id=\"2dc8e4e\" data-element_type=\"widget\" data-settings=\"{&quot;_position&quot;:&quot;absolute&quot;}\" data-widget_type=\"image.default\">\n\t\t\t\t\t\t\t\t\t\t\t\t\t\t\t<img decoding=\"async\" width=\"800\" height=\"515\" src=\"https:\/\/crom4studio.com\/wp-content\/uploads\/2025\/12\/CROMA-STUDIO-04-1024x659.webp\" class=\"attachment-large size-large wp-image-482\" alt=\"\" srcset=\"https:\/\/crom4studio.com\/wp-content\/uploads\/2025\/12\/CROMA-STUDIO-04-1024x659.webp 1024w, https:\/\/crom4studio.com\/wp-content\/uploads\/2025\/12\/CROMA-STUDIO-04-300x193.webp 300w, https:\/\/crom4studio.com\/wp-content\/uploads\/2025\/12\/CROMA-STUDIO-04-768x494.webp 768w, https:\/\/crom4studio.com\/wp-content\/uploads\/2025\/12\/CROMA-STUDIO-04-1536x988.webp 1536w, https:\/\/crom4studio.com\/wp-content\/uploads\/2025\/12\/CROMA-STUDIO-04.webp 1920w\" sizes=\"(max-width: 800px) 100vw, 800px\" \/>\t\t\t\t\t\t\t\t\t\t\t\t\t\t\t<\/div>\n\t\t\t\t<div class=\"elementor-element elementor-element-0168be0 elementor-widget__width-initial elementor-widget elementor-widget-text-editor\" data-id=\"0168be0\" data-element_type=\"widget\" data-widget_type=\"text-editor.default\">\n\t\t\t\t\t\t\t\t\t<p>Espacio de 85m\u00b2 con entrada directa amplia desde la calle con luz natural.<\/p>\t\t\t\t\t\t\t\t<\/div>\n\t\t\t\t<\/div>\n\t\t<div class=\"elementor-element elementor-element-3cd486f e-con-full e-flex e-con e-child\" data-id=\"3cd486f\" data-element_type=\"container\">\n\t\t\t\t<div class=\"elementor-element elementor-element-2ca84a2 elementor-widget__width-initial elementor-widget elementor-widget-text-editor\" data-id=\"2ca84a2\" data-element_type=\"widget\" data-widget_type=\"text-editor.default\">\n\t\t\t\t\t\t\t\t\t<p>Sal\u00f3n<\/p>\t\t\t\t\t\t\t\t<\/div>\n\t\t\t\t<div class=\"elementor-element elementor-element-c7d1237 elementor-absolute salo elementor-widget elementor-widget-image\" data-id=\"c7d1237\" data-element_type=\"widget\" data-settings=\"{&quot;_position&quot;:&quot;absolute&quot;}\" data-widget_type=\"image.default\">\n\t\t\t\t\t\t\t\t\t\t\t\t\t\t\t<img decoding=\"async\" width=\"800\" height=\"1000\" src=\"https:\/\/crom4studio.com\/wp-content\/uploads\/2025\/12\/CROMA-STUDIO-10-819x1024.webp\" class=\"attachment-large size-large wp-image-495\" alt=\"\" srcset=\"https:\/\/crom4studio.com\/wp-content\/uploads\/2025\/12\/CROMA-STUDIO-10-819x1024.webp 819w, https:\/\/crom4studio.com\/wp-content\/uploads\/2025\/12\/CROMA-STUDIO-10-240x300.webp 240w, https:\/\/crom4studio.com\/wp-content\/uploads\/2025\/12\/CROMA-STUDIO-10-768x960.webp 768w, https:\/\/crom4studio.com\/wp-content\/uploads\/2025\/12\/CROMA-STUDIO-10.webp 1200w\" sizes=\"(max-width: 800px) 100vw, 800px\" \/>\t\t\t\t\t\t\t\t\t\t\t\t\t\t\t<\/div>\n\t\t\t\t<div class=\"elementor-element elementor-element-13f8200 elementor-widget__width-initial elementor-widget elementor-widget-text-editor\" data-id=\"13f8200\" data-element_type=\"widget\" data-widget_type=\"text-editor.default\">\n\t\t\t\t\t\t\t\t\t<p>Espacio de descanso con una gran mesa para reuniones, catering, etc.<\/p>\t\t\t\t\t\t\t\t<\/div>\n\t\t\t\t<\/div>\n\t\t<div class=\"elementor-element elementor-element-7cccf57 e-con-full e-flex e-con e-child\" data-id=\"7cccf57\" data-element_type=\"container\">\n\t\t\t\t<div class=\"elementor-element elementor-element-74c04a3 elementor-widget__width-initial elementor-widget elementor-widget-text-editor\" data-id=\"74c04a3\" data-element_type=\"widget\" data-widget_type=\"text-editor.default\">\n\t\t\t\t\t\t\t\t\t<p>Zona preparaci\u00f3n<\/p>\t\t\t\t\t\t\t\t<\/div>\n\t\t\t\t<div class=\"elementor-element elementor-element-20c787c elementor-absolute prep elementor-widget elementor-widget-image\" data-id=\"20c787c\" data-element_type=\"widget\" data-settings=\"{&quot;_position&quot;:&quot;absolute&quot;}\" data-widget_type=\"image.default\">\n\t\t\t\t\t\t\t\t\t\t\t\t\t\t\t<img loading=\"lazy\" decoding=\"async\" width=\"683\" height=\"1024\" src=\"https:\/\/crom4studio.com\/wp-content\/uploads\/2025\/12\/CROMA-STUDIO-06-683x1024.webp\" class=\"attachment-large size-large wp-image-496\" alt=\"\" srcset=\"https:\/\/crom4studio.com\/wp-content\/uploads\/2025\/12\/CROMA-STUDIO-06-683x1024.webp 683w, https:\/\/crom4studio.com\/wp-content\/uploads\/2025\/12\/CROMA-STUDIO-06-200x300.webp 200w, https:\/\/crom4studio.com\/wp-content\/uploads\/2025\/12\/CROMA-STUDIO-06-768x1152.webp 768w, https:\/\/crom4studio.com\/wp-content\/uploads\/2025\/12\/CROMA-STUDIO-06-1024x1536.webp 1024w, https:\/\/crom4studio.com\/wp-content\/uploads\/2025\/12\/CROMA-STUDIO-06.webp 1200w\" sizes=\"(max-width: 683px) 100vw, 683px\" \/>\t\t\t\t\t\t\t\t\t\t\t\t\t\t\t<\/div>\n\t\t\t\t<div class=\"elementor-element elementor-element-9e31452 elementor-widget__width-initial elementor-widget elementor-widget-text-editor\" data-id=\"9e31452\" data-element_type=\"widget\" data-widget_type=\"text-editor.default\">\n\t\t\t\t\t\t\t\t\t<p>\u00c1rea de preparaci\u00f3n con dos mesas de maquillaje y vestidor.<\/p>\t\t\t\t\t\t\t\t<\/div>\n\t\t\t\t<\/div>\n\t\t<div class=\"elementor-element elementor-element-23ed4a8 e-con-full e-flex e-con e-child\" data-id=\"23ed4a8\" data-element_type=\"container\">\n\t\t\t\t<div class=\"elementor-element elementor-element-0669ba4 elementor-widget__width-initial elementor-widget elementor-widget-text-editor\" data-id=\"0669ba4\" data-element_type=\"widget\" data-widget_type=\"text-editor.default\">\n\t\t\t\t\t\t\t\t\t<p>Office \/ Cocina<\/p>\t\t\t\t\t\t\t\t<\/div>\n\t\t\t\t<div class=\"elementor-element elementor-element-4df86ba elementor-absolute cuina elementor-widget elementor-widget-image\" data-id=\"4df86ba\" data-element_type=\"widget\" data-settings=\"{&quot;_position&quot;:&quot;absolute&quot;}\" data-widget_type=\"image.default\">\n\t\t\t\t\t\t\t\t\t\t\t\t\t\t\t<img loading=\"lazy\" decoding=\"async\" width=\"800\" height=\"534\" src=\"https:\/\/crom4studio.com\/wp-content\/uploads\/2025\/12\/CROMA-STUDIO-05-1024x683.webp\" class=\"attachment-large size-large wp-image-485\" alt=\"\" srcset=\"https:\/\/crom4studio.com\/wp-content\/uploads\/2025\/12\/CROMA-STUDIO-05-1024x683.webp 1024w, https:\/\/crom4studio.com\/wp-content\/uploads\/2025\/12\/CROMA-STUDIO-05-300x200.webp 300w, https:\/\/crom4studio.com\/wp-content\/uploads\/2025\/12\/CROMA-STUDIO-05-768x512.webp 768w, https:\/\/crom4studio.com\/wp-content\/uploads\/2025\/12\/CROMA-STUDIO-05-1536x1024.webp 1536w, https:\/\/crom4studio.com\/wp-content\/uploads\/2025\/12\/CROMA-STUDIO-05.webp 1920w\" sizes=\"(max-width: 800px) 100vw, 800px\" \/>\t\t\t\t\t\t\t\t\t\t\t\t\t\t\t<\/div>\n\t\t\t\t<\/div>\n\t\t<div class=\"elementor-element elementor-element-258d9a2 e-con-full e-flex e-con e-child\" data-id=\"258d9a2\" data-element_type=\"container\">\n\t\t\t\t<div class=\"elementor-element elementor-element-aa8907e elementor-widget__width-initial elementor-widget elementor-widget-text-editor\" data-id=\"aa8907e\" data-element_type=\"widget\" data-widget_type=\"text-editor.default\">\n\t\t\t\t\t\t\t\t\t<p>Ba\u00f1o accesible<\/p>\t\t\t\t\t\t\t\t<\/div>\n\t\t\t\t<div class=\"elementor-element elementor-element-c1c2e4f elementor-absolute bany elementor-widget elementor-widget-image\" data-id=\"c1c2e4f\" data-element_type=\"widget\" data-settings=\"{&quot;_position&quot;:&quot;absolute&quot;}\" data-widget_type=\"image.default\">\n\t\t\t\t\t\t\t\t\t\t\t\t\t\t\t<img loading=\"lazy\" decoding=\"async\" width=\"800\" height=\"534\" src=\"https:\/\/crom4studio.com\/wp-content\/uploads\/2025\/12\/CROMA-STUDIO-08-1024x683.webp\" class=\"attachment-large size-large wp-image-497\" alt=\"\" srcset=\"https:\/\/crom4studio.com\/wp-content\/uploads\/2025\/12\/CROMA-STUDIO-08-1024x683.webp 1024w, https:\/\/crom4studio.com\/wp-content\/uploads\/2025\/12\/CROMA-STUDIO-08-300x200.webp 300w, https:\/\/crom4studio.com\/wp-content\/uploads\/2025\/12\/CROMA-STUDIO-08-768x512.webp 768w, https:\/\/crom4studio.com\/wp-content\/uploads\/2025\/12\/CROMA-STUDIO-08-1536x1024.webp 1536w, https:\/\/crom4studio.com\/wp-content\/uploads\/2025\/12\/CROMA-STUDIO-08.webp 1920w\" sizes=\"(max-width: 800px) 100vw, 800px\" \/>\t\t\t\t\t\t\t\t\t\t\t\t\t\t\t<\/div>\n\t\t\t\t<\/div>\n\t\t<div class=\"elementor-element elementor-element-0d56151 e-con-full e-flex e-con e-child\" data-id=\"0d56151\" data-element_type=\"container\">\n\t\t\t\t<div class=\"elementor-element elementor-element-ccdba63 elementor-widget__width-initial elementor-widget elementor-widget-text-editor\" data-id=\"ccdba63\" data-element_type=\"widget\" data-widget_type=\"text-editor.default\">\n\t\t\t\t\t\t\t\t\t<p>Zona almacenaje<\/p>\t\t\t\t\t\t\t\t<\/div>\n\t\t\t\t<\/div>\n\t\t\t\t<div class=\"elementor-element elementor-element-0200a32 elementor-hidden-desktop elementor-pagination-position-outside elementor-widget elementor-widget-image-carousel\" data-id=\"0200a32\" data-element_type=\"widget\" data-settings=\"{&quot;slides_to_show&quot;:&quot;1&quot;,&quot;navigation&quot;:&quot;dots&quot;,&quot;autoplay&quot;:&quot;yes&quot;,&quot;pause_on_hover&quot;:&quot;yes&quot;,&quot;pause_on_interaction&quot;:&quot;yes&quot;,&quot;autoplay_speed&quot;:5000,&quot;infinite&quot;:&quot;yes&quot;,&quot;effect&quot;:&quot;slide&quot;,&quot;speed&quot;:500}\" data-widget_type=\"image-carousel.default\">\n\t\t\t\t\t\t\t<div class=\"elementor-image-carousel-wrapper swiper\" role=\"region\" aria-roledescription=\"carousel\" aria-label=\"Carrusel d&#039;imatges\" dir=\"ltr\">\n\t\t\t<div class=\"elementor-image-carousel swiper-wrapper\" aria-live=\"off\">\n\t\t\t\t\t\t\t\t<div class=\"swiper-slide\" role=\"group\" aria-roledescription=\"slide\" aria-label=\"1 de 9\"><figure class=\"swiper-slide-inner\"><img decoding=\"async\" class=\"swiper-slide-image\" src=\"https:\/\/crom4studio.com\/wp-content\/uploads\/2025\/12\/CROMA-STUDIO-04-1024x659.webp\" alt=\"CROMA STUDIO 04\" \/><\/figure><\/div><div class=\"swiper-slide\" role=\"group\" aria-roledescription=\"slide\" aria-label=\"2 de 9\"><figure class=\"swiper-slide-inner\"><img decoding=\"async\" class=\"swiper-slide-image\" src=\"https:\/\/crom4studio.com\/wp-content\/uploads\/2025\/12\/CROMA-STUDIO-01-1024x683.webp\" alt=\"CROMA STUDIO 01\" \/><\/figure><\/div><div class=\"swiper-slide\" role=\"group\" aria-roledescription=\"slide\" aria-label=\"3 de 9\"><figure class=\"swiper-slide-inner\"><img decoding=\"async\" class=\"swiper-slide-image\" src=\"https:\/\/crom4studio.com\/wp-content\/uploads\/2025\/12\/CROMA-STUDIO-02-1024x683.webp\" alt=\"CROMA STUDIO 02\" \/><\/figure><\/div><div class=\"swiper-slide\" role=\"group\" aria-roledescription=\"slide\" aria-label=\"4 de 9\"><figure class=\"swiper-slide-inner\"><img decoding=\"async\" class=\"swiper-slide-image\" src=\"https:\/\/crom4studio.com\/wp-content\/uploads\/2025\/12\/CROMA-STUDIO-05-1024x683.webp\" alt=\"CROMA STUDIO 05\" \/><\/figure><\/div><div class=\"swiper-slide\" role=\"group\" aria-roledescription=\"slide\" aria-label=\"5 de 9\"><figure class=\"swiper-slide-inner\"><img decoding=\"async\" class=\"swiper-slide-image\" src=\"https:\/\/crom4studio.com\/wp-content\/uploads\/2025\/12\/CROMA-STUDIO-06-683x1024.webp\" alt=\"CROMA STUDIO 06\" \/><\/figure><\/div><div class=\"swiper-slide\" role=\"group\" aria-roledescription=\"slide\" aria-label=\"6 de 9\"><figure class=\"swiper-slide-inner\"><img decoding=\"async\" class=\"swiper-slide-image\" src=\"https:\/\/crom4studio.com\/wp-content\/uploads\/2025\/12\/CROMA-STUDIO-10-819x1024.webp\" alt=\"CROMA STUDIO 10\" \/><\/figure><\/div><div class=\"swiper-slide\" role=\"group\" aria-roledescription=\"slide\" aria-label=\"7 de 9\"><figure class=\"swiper-slide-inner\"><img decoding=\"async\" class=\"swiper-slide-image\" src=\"https:\/\/crom4studio.com\/wp-content\/uploads\/2025\/12\/CROMA-STUDIO-08-1024x683.webp\" alt=\"CROMA STUDIO 08\" \/><\/figure><\/div><div class=\"swiper-slide\" role=\"group\" aria-roledescription=\"slide\" aria-label=\"8 de 9\"><figure class=\"swiper-slide-inner\"><img decoding=\"async\" class=\"swiper-slide-image\" src=\"https:\/\/crom4studio.com\/wp-content\/uploads\/2025\/12\/CROMA-STUDIO-06-1-683x1024.webp\" alt=\"CROMA STUDIO 06 (1)\" \/><\/figure><\/div><div class=\"swiper-slide\" role=\"group\" aria-roledescription=\"slide\" aria-label=\"9 de 9\"><figure class=\"swiper-slide-inner\"><img decoding=\"async\" class=\"swiper-slide-image\" src=\"https:\/\/crom4studio.com\/wp-content\/uploads\/2025\/12\/CROMA-STUDIO-03-1024x682.webp\" alt=\"CROMA STUDIO 03\" \/><\/figure><\/div>\t\t\t<\/div>\n\t\t\t\t\t\t\t\n\t\t\t\t\t\t\t\t\t<div class=\"swiper-pagination\"><\/div>\n\t\t\t\t\t\t\t\t\t<\/div>\n\t\t\t\t\t\t<\/div>\n\t\t\t\t<\/div>\n\t\t\t\t<\/div>\n\t\t","protected":false},"excerpt":{"rendered":"<p>El Estudio El estudio combina estructura industrial, luz natural y funcionalidad profesional. El dise\u00f1o abierto y modular permite configurar el espacio seg\u00fan las necesidades de cada proyecto, manteniendo siempre el equilibrio entre comodidad, est\u00e9tica y eficiencia. Los techos altos de 3,7 metros y todo el espacio di\u00e1fano crean una atm\u00f3sfera moderna y neutra que se [&hellip;]<\/p>\n","protected":false},"author":2,"featured_media":492,"parent":0,"menu_order":0,"comment_status":"closed","ping_status":"open","template":"","meta":{"_acf_changed":false,"footnotes":""},"class_list":["post-499","page","type-page","status-publish","has-post-thumbnail","hentry"],"acf":[],"yoast_head":"<!-- This site is optimized with the Yoast SEO plugin v26.5 - https:\/\/yoast.com\/wordpress\/plugins\/seo\/ -->\n<title>El estudio - CrOM4 Studio Girona<\/title>\n<meta name=\"description\" content=\"Cr0M4 Studio es un estudio de 180m2 de superficie, un car\u00e1cter industrial y di\u00e1fano, con funcionalidad y versatilidad para cualquier proyecto.\" \/>\n<meta name=\"robots\" content=\"index, follow, max-snippet:-1, max-image-preview:large, max-video-preview:-1\" \/>\n<link rel=\"canonical\" href=\"https:\/\/crom4studio.com\/es\/el-estudio\" \/>\n<meta property=\"og:locale\" content=\"es_ES\" \/>\n<meta property=\"og:type\" content=\"article\" \/>\n<meta property=\"og:title\" content=\"El estudio - CrOM4 Studio Girona\" \/>\n<meta property=\"og:description\" content=\"Cr0M4 Studio es un estudio de 180m2 de superficie, un car\u00e1cter industrial y di\u00e1fano, con funcionalidad y versatilidad para cualquier proyecto.\" \/>\n<meta property=\"og:url\" content=\"https:\/\/crom4studio.com\/es\/el-estudio\" \/>\n<meta property=\"og:site_name\" content=\"CrOM4 Studio Girona\" \/>\n<meta property=\"article:modified_time\" content=\"2026-01-13T15:04:11+00:00\" \/>\n<meta property=\"og:image\" content=\"https:\/\/crom4studio.com\/wp-content\/uploads\/2025\/12\/CROMA-STUDIO-03.webp\" \/>\n\t<meta property=\"og:image:width\" content=\"1280\" \/>\n\t<meta property=\"og:image:height\" content=\"853\" \/>\n\t<meta property=\"og:image:type\" content=\"image\/webp\" \/>\n<meta name=\"twitter:card\" content=\"summary_large_image\" \/>\n<meta name=\"twitter:label1\" content=\"Tiempo de lectura\" \/>\n\t<meta name=\"twitter:data1\" content=\"1 minuto\" \/>\n<script type=\"application\/ld+json\" class=\"yoast-schema-graph\">{\"@context\":\"https:\/\/schema.org\",\"@graph\":[{\"@type\":\"WebPage\",\"@id\":\"https:\/\/crom4studio.com\/es\/el-estudio\",\"url\":\"https:\/\/crom4studio.com\/es\/el-estudio\",\"name\":\"El estudio - CrOM4 Studio Girona\",\"isPartOf\":{\"@id\":\"https:\/\/crom4studio.com\/es#website\"},\"primaryImageOfPage\":{\"@id\":\"https:\/\/crom4studio.com\/es\/el-estudio#primaryimage\"},\"image\":{\"@id\":\"https:\/\/crom4studio.com\/es\/el-estudio#primaryimage\"},\"thumbnailUrl\":\"https:\/\/crom4studio.com\/wp-content\/uploads\/2025\/12\/CROMA-STUDIO-03.webp\",\"datePublished\":\"2025-12-09T12:04:12+00:00\",\"dateModified\":\"2026-01-13T15:04:11+00:00\",\"description\":\"Cr0M4 Studio es un estudio de 180m2 de superficie, un car\u00e1cter industrial y di\u00e1fano, con funcionalidad y versatilidad para cualquier proyecto.\",\"breadcrumb\":{\"@id\":\"https:\/\/crom4studio.com\/es\/el-estudio#breadcrumb\"},\"inLanguage\":\"es\",\"potentialAction\":[{\"@type\":\"ReadAction\",\"target\":[\"https:\/\/crom4studio.com\/es\/el-estudio\"]}]},{\"@type\":\"ImageObject\",\"inLanguage\":\"es\",\"@id\":\"https:\/\/crom4studio.com\/es\/el-estudio#primaryimage\",\"url\":\"https:\/\/crom4studio.com\/wp-content\/uploads\/2025\/12\/CROMA-STUDIO-03.webp\",\"contentUrl\":\"https:\/\/crom4studio.com\/wp-content\/uploads\/2025\/12\/CROMA-STUDIO-03.webp\",\"width\":1280,\"height\":853},{\"@type\":\"BreadcrumbList\",\"@id\":\"https:\/\/crom4studio.com\/es\/el-estudio#breadcrumb\",\"itemListElement\":[{\"@type\":\"ListItem\",\"position\":1,\"name\":\"Portada\",\"item\":\"https:\/\/crom4studio.com\/es\/inicio\"},{\"@type\":\"ListItem\",\"position\":2,\"name\":\"El estudio\"}]},{\"@type\":\"WebSite\",\"@id\":\"https:\/\/crom4studio.com\/es#website\",\"url\":\"https:\/\/crom4studio.com\/es\",\"name\":\"CrOM4 Studio Girona\",\"description\":\"Photo &amp; Film Rental Studio\",\"publisher\":{\"@id\":\"https:\/\/crom4studio.com\/es#organization\"},\"potentialAction\":[{\"@type\":\"SearchAction\",\"target\":{\"@type\":\"EntryPoint\",\"urlTemplate\":\"https:\/\/crom4studio.com\/es?s={search_term_string}\"},\"query-input\":{\"@type\":\"PropertyValueSpecification\",\"valueRequired\":true,\"valueName\":\"search_term_string\"}}],\"inLanguage\":\"es\"},{\"@type\":\"Organization\",\"@id\":\"https:\/\/crom4studio.com\/es#organization\",\"name\":\"CrOM4 Studio Girona\",\"url\":\"https:\/\/crom4studio.com\/es\",\"logo\":{\"@type\":\"ImageObject\",\"inLanguage\":\"es\",\"@id\":\"https:\/\/crom4studio.com\/es#\/schema\/logo\/image\/\",\"url\":\"https:\/\/crom4studio.com\/wp-content\/uploads\/2025\/12\/descarga.png\",\"contentUrl\":\"https:\/\/crom4studio.com\/wp-content\/uploads\/2025\/12\/descarga.png\",\"width\":448,\"height\":636,\"caption\":\"CrOM4 Studio Girona\"},\"image\":{\"@id\":\"https:\/\/crom4studio.com\/es#\/schema\/logo\/image\/\"}}]}<\/script>\n<!-- \/ Yoast SEO plugin. -->","yoast_head_json":{"title":"El estudio - CrOM4 Studio Girona","description":"Cr0M4 Studio es un estudio de 180m2 de superficie, un car\u00e1cter industrial y di\u00e1fano, con funcionalidad y versatilidad para cualquier proyecto.","robots":{"index":"index","follow":"follow","max-snippet":"max-snippet:-1","max-image-preview":"max-image-preview:large","max-video-preview":"max-video-preview:-1"},"canonical":"https:\/\/crom4studio.com\/es\/el-estudio","og_locale":"es_ES","og_type":"article","og_title":"El estudio - CrOM4 Studio Girona","og_description":"Cr0M4 Studio es un estudio de 180m2 de superficie, un car\u00e1cter industrial y di\u00e1fano, con funcionalidad y versatilidad para cualquier proyecto.","og_url":"https:\/\/crom4studio.com\/es\/el-estudio","og_site_name":"CrOM4 Studio Girona","article_modified_time":"2026-01-13T15:04:11+00:00","og_image":[{"width":1280,"height":853,"url":"https:\/\/crom4studio.com\/wp-content\/uploads\/2025\/12\/CROMA-STUDIO-03.webp","type":"image\/webp"}],"twitter_card":"summary_large_image","twitter_misc":{"Tiempo de lectura":"1 minuto"},"schema":{"@context":"https:\/\/schema.org","@graph":[{"@type":"WebPage","@id":"https:\/\/crom4studio.com\/es\/el-estudio","url":"https:\/\/crom4studio.com\/es\/el-estudio","name":"El estudio - CrOM4 Studio Girona","isPartOf":{"@id":"https:\/\/crom4studio.com\/es#website"},"primaryImageOfPage":{"@id":"https:\/\/crom4studio.com\/es\/el-estudio#primaryimage"},"image":{"@id":"https:\/\/crom4studio.com\/es\/el-estudio#primaryimage"},"thumbnailUrl":"https:\/\/crom4studio.com\/wp-content\/uploads\/2025\/12\/CROMA-STUDIO-03.webp","datePublished":"2025-12-09T12:04:12+00:00","dateModified":"2026-01-13T15:04:11+00:00","description":"Cr0M4 Studio es un estudio de 180m2 de superficie, un car\u00e1cter industrial y di\u00e1fano, con funcionalidad y versatilidad para cualquier proyecto.","breadcrumb":{"@id":"https:\/\/crom4studio.com\/es\/el-estudio#breadcrumb"},"inLanguage":"es","potentialAction":[{"@type":"ReadAction","target":["https:\/\/crom4studio.com\/es\/el-estudio"]}]},{"@type":"ImageObject","inLanguage":"es","@id":"https:\/\/crom4studio.com\/es\/el-estudio#primaryimage","url":"https:\/\/crom4studio.com\/wp-content\/uploads\/2025\/12\/CROMA-STUDIO-03.webp","contentUrl":"https:\/\/crom4studio.com\/wp-content\/uploads\/2025\/12\/CROMA-STUDIO-03.webp","width":1280,"height":853},{"@type":"BreadcrumbList","@id":"https:\/\/crom4studio.com\/es\/el-estudio#breadcrumb","itemListElement":[{"@type":"ListItem","position":1,"name":"Portada","item":"https:\/\/crom4studio.com\/es\/inicio"},{"@type":"ListItem","position":2,"name":"El estudio"}]},{"@type":"WebSite","@id":"https:\/\/crom4studio.com\/es#website","url":"https:\/\/crom4studio.com\/es","name":"CrOM4 Studio Girona","description":"Photo &amp; Film Rental Studio","publisher":{"@id":"https:\/\/crom4studio.com\/es#organization"},"potentialAction":[{"@type":"SearchAction","target":{"@type":"EntryPoint","urlTemplate":"https:\/\/crom4studio.com\/es?s={search_term_string}"},"query-input":{"@type":"PropertyValueSpecification","valueRequired":true,"valueName":"search_term_string"}}],"inLanguage":"es"},{"@type":"Organization","@id":"https:\/\/crom4studio.com\/es#organization","name":"CrOM4 Studio Girona","url":"https:\/\/crom4studio.com\/es","logo":{"@type":"ImageObject","inLanguage":"es","@id":"https:\/\/crom4studio.com\/es#\/schema\/logo\/image\/","url":"https:\/\/crom4studio.com\/wp-content\/uploads\/2025\/12\/descarga.png","contentUrl":"https:\/\/crom4studio.com\/wp-content\/uploads\/2025\/12\/descarga.png","width":448,"height":636,"caption":"CrOM4 Studio Girona"},"image":{"@id":"https:\/\/crom4studio.com\/es#\/schema\/logo\/image\/"}}]}},"_links":{"self":[{"href":"https:\/\/crom4studio.com\/es\/wp-json\/wp\/v2\/pages\/499","targetHints":{"allow":["GET"]}}],"collection":[{"href":"https:\/\/crom4studio.com\/es\/wp-json\/wp\/v2\/pages"}],"about":[{"href":"https:\/\/crom4studio.com\/es\/wp-json\/wp\/v2\/types\/page"}],"author":[{"embeddable":true,"href":"https:\/\/crom4studio.com\/es\/wp-json\/wp\/v2\/users\/2"}],"replies":[{"embeddable":true,"href":"https:\/\/crom4studio.com\/es\/wp-json\/wp\/v2\/comments?post=499"}],"version-history":[{"count":6,"href":"https:\/\/crom4studio.com\/es\/wp-json\/wp\/v2\/pages\/499\/revisions"}],"predecessor-version":[{"id":998,"href":"https:\/\/crom4studio.com\/es\/wp-json\/wp\/v2\/pages\/499\/revisions\/998"}],"wp:featuredmedia":[{"embeddable":true,"href":"https:\/\/crom4studio.com\/es\/wp-json\/wp\/v2\/media\/492"}],"wp:attachment":[{"href":"https:\/\/crom4studio.com\/es\/wp-json\/wp\/v2\/media?parent=499"}],"curies":[{"name":"wp","href":"https:\/\/api.w.org\/{rel}","templated":true}]}}