{"id":536,"date":"2025-12-10T10:13:14","date_gmt":"2025-12-10T10:13:14","guid":{"rendered":"https:\/\/crom4-studio.c.wetopi.com\/?page_id=536"},"modified":"2025-12-10T10:22:56","modified_gmt":"2025-12-10T10:22:56","slug":"legal-advice","status":"publish","type":"page","link":"https:\/\/crom4studio.com\/en\/legal-advice","title":{"rendered":"Legal advice"},"content":{"rendered":"\t\t<div data-elementor-type=\"wp-page\" data-elementor-id=\"536\" class=\"elementor elementor-536 elementor-525\" data-elementor-post-type=\"page\">\n\t\t\t\t<div class=\"elementor-element elementor-element-70502b5 e-flex e-con-boxed e-con e-parent\" data-id=\"70502b5\" data-element_type=\"container\">\n\t\t\t\t\t<div class=\"e-con-inner\">\n\t\t\t\t<div class=\"elementor-element elementor-element-91e656a elementor-widget elementor-widget-heading\" data-id=\"91e656a\" data-element_type=\"widget\" data-widget_type=\"heading.default\">\n\t\t\t\t\t<h1 class=\"elementor-heading-title elementor-size-default\">Legal advice<\/h1>\t\t\t\t<\/div>\n\t\t\t\t<div class=\"elementor-element elementor-element-dacf807 elementor-widget elementor-widget-text-editor\" data-id=\"dacf807\" data-element_type=\"widget\" data-widget_type=\"text-editor.default\">\n\t\t\t\t\t\t\t\t\t<p><strong>DADES IDENTIFICATIVES DEL TITULAR DEL LLOC WEB<\/strong><br \/>En compliment del deure d&#8217;informaci\u00f3 estipulat a l&#8217;article 10 de la Llei 34\/2002 d&#8217;11 de juliol de Serveis de la Societat de la Informaci\u00f3 i de Comer\u00e7 Electr\u00f2nic, Crom4 Studio Girona amb CIF\/NIF B67041632, en endavant Crom4 Studio Girona, en qualitat de titular del lloc web cineaec.com, amb domicili a Call1 de correu electr\u00f2nic girona@crom4studio.com, procedeix a comunicar-vos aquesta informaci\u00f3 que conforma i regula les condicions d&#8217;\u00fas en aquesta p\u00e0gina, les limitacions de responsabilitat i les obligacions que, els usuaris del lloc web que es publica sota el nom de domini crom4studio.com, assumeixen i es comprometen a respectar.<\/p><p><strong>CONDICIONS D&#8217;\u00daS<\/strong><br \/>La utilitzaci\u00f3 de Crom4 Studio Girona atorga la condici\u00f3 d&#8217;Usuari de Crom4 Studio Girona, b\u00e9 sigui persona f\u00edsica o jur\u00eddica i obligat\u00f2riament implica l&#8217;acceptaci\u00f3 completa, plena i sense reserves de totes i cadascuna de les cl\u00e0usules i condicions generals incloses a l&#8217;Av\u00eds Legal. Si l&#8217;Usuari no estigu\u00e9s d&#8217;acord amb les cl\u00e0usules i condicions d&#8217;\u00fas d&#8217;aquest Av\u00eds Legal, caldr\u00e0 utilitzar Crom4 Studio Girona. Aquest Av\u00eds Legal est\u00e0 subjecte a canvis i actualitzacions per la qual cosa la versi\u00f3 publicada per Crom4 Studio Girona pot ser diferent a cada moment en qu\u00e8 l&#8217;Usuari accedeixi al Portal. Per tant, l&#8217;Usuari ha de llegir l&#8217;Av\u00eds Legal totes i cadascuna de les ocasions en qu\u00e8 accedeixi a Crom4 Studio Girona.<\/p><p>A trav\u00e9s de Crom4 Studio Girona, Crom4 Studio Girona facilita a l&#8217;Usuari l&#8217;acc\u00e9s i la utilitzaci\u00f3 de diversos continguts publicats per Internet per Crom4 Studio Girona o per tercers autoritzats.<\/p><p>L&#8217;Usuari est\u00e0 obligat i es compromet a utilitzar Crom4 Studio Girona i els Continguts de conformitat amb la legislaci\u00f3 vigent, l&#8217;Av\u00eds Legal, i qualsevol altre av\u00eds o instruccions posats en el seu coneixement, b\u00e9 sigui per mitj\u00e0 d&#8217;aquest av\u00eds legal o en qualsevol altre lloc dins dels Continguts que conformen Crom4 Studio Girona, com s\u00f3n les normes de conviv\u00e8ncia, la moral i bones costumbres. A aquest efecte, l&#8217;Usuari s&#8217;obliga i compromet a NO utilitzar qualsevol dels Continguts amb fins o efectes il\u00b7l\u00edcits, prohibits a l&#8217;Av\u00eds Legal o per la legislaci\u00f3 vigent, lesius dels drets i interessos de tercers, o que de qualsevol manera puguin danyar, inutilitzar, sobrecarregar, deteriorar o impedir la normal utilitzaci\u00f3 dels Continguts, els equips inform\u00e0tics propis o contractats per Crom4 Studio Girona, d&#8217;un altre USUARI o de qualsevol usuari d&#8217;Internet (maquinari i programari).<\/p><p>L&#8217;Usuari s&#8217;obliga i es compromet a no transmetre, difondre o posar a disposici\u00f3 de tercers qualsevol classe de material contingut a Crom4 Studio Girona, tals com informacions, textos, dades, continguts, missatges, gr\u00e0fics, dibuixos, arxius de so i\/o imatge, fotografies, enregistraments, programari, logotips, marques, icones, tecnologia, fotografies, programari, enlla\u00e7os condici\u00f3 d&#8217;usuari de Crom4 Studio Girona, sense que aquesta enumeraci\u00f3 tingui car\u00e0cter limitatiu. Aix\u00ed mateix, de conformitat amb tot aix\u00f2, l&#8217;Usuari no podr\u00e0:<\/p><p>Reproduir, copiar, distribuir, posar a disposici\u00f3 o de qualsevol altra manera comunicar p\u00fablicament, transformar o modificar els continguts, llevat que es compti amb l&#8217;autoritzaci\u00f3 escrita i expl\u00edcita de Crom4 Studio Girona, que \u00e9s titular dels corresponents drets, o b\u00e9 que aix\u00f2 resulti legalment perm\u00e8s.<\/p><p>Suprimir, manipular o de qualsevol manera alterar el copyright i altres dades identificatives de la reserva de drets de Crom4 Studio Girona o dels seus titulars, de les empremtes i\/o identificadors digitals, marques d&#8217;aigua, o de qualsevol altre mitj\u00e0 t\u00e8cnic establert per al seu reconeixement.<\/p><p>L&#8217;Usuari haur\u00e0 d&#8217;abstenir-se d&#8217;obtenir i fins i tot d&#8217;intentar obtenir els Continguts emprant per a aix\u00f2 mitjans o procediments diferents dels que, segons els casos, s&#8217;hagin posat a la seva disposici\u00f3 a aquest efecte o s&#8217;hagin indicat a aquest efecte a les p\u00e0gines web on es trobin els Continguts o, en general, dels que es facin servir habitualment a Internet a aquest efecte sempre que no comportin un risc\/ Continguts.<\/p><p><br \/><strong>PROPIETAT INTEL\u00b7LECTUAL<\/strong><br \/>Totes les marques, noms comercials o signes distintius de qualsevol classe que apareixen a Crom4 Studio Girona s\u00f3n propietat de Crom4 Studio Girona o, si escau, dels seus respectius propietaris, sense que es pugui entendre que l&#8217;\u00fas o acc\u00e9s al Portal i\/o als Continguts atribueixi a l&#8217;Usuari dret algun sobre les esmentades marques, noms comercials i\/o signes distintius i sense que explotaci\u00f3 que existeixen o puguin existir sobre aquests continguts. De la mateixa manera, els continguts s\u00f3n propietat intel\u00b7lectual de Crom4 Studio Girona, o de tercers si escau, per tant, els drets de propietat intel\u00b7lectual s\u00f3n titularitat de Crom4 Studio Girona o de tercers que n&#8217;han autoritzat l&#8217;\u00fas, als quals correspon l&#8217;exercici exclusiu dels drets d&#8217;explotaci\u00f3 dels mateixos en qualsevol forma i, en especial, els drets de reproducci\u00f3, distribuci\u00f3, comunicaci\u00f3 p\u00fablica i transformaci\u00f3. La utilitzaci\u00f3 no autoritzada de la informaci\u00f3 continguda en aquesta web, aix\u00ed com la lesi\u00f3 dels drets de propietat intel\u00b7lectual o industrial de Crom4 Studio Girona o de tercers inclosos a Crom4 Studio Girona que hagin cedit continguts donar\u00e0 lloc a les responsabilitats legalment establertes.<\/p><p>\u00a0<\/p><p><strong>DISPONIBILITAT DE Crom4 Studio Girona<\/strong><br \/>Crom4 Studio Girona no garanteix la inexist\u00e8ncia d&#8217;interrupcions o errors en l&#8217;acc\u00e9s a Crom4 Studio Girona, als seus continguts, ni que aquest es trobin actualitzats, encara que desenvolupar\u00e0 els seus millors esfor\u00e7os per, si escau, evitar-los, solucionar-los o actualitzar-los. Per tant, Crom4 Studio Girona no es responsabilitza dels danys o perjudicis de qualsevol tipus produ\u00efts a l&#8217;Usuari que portin causa de fallades o desconnexions a les xarxes de telecomunicacions que produeixin la suspensi\u00f3, cancel\u00b7laci\u00f3 o interrupci\u00f3 del servei del portal durant la prestaci\u00f3 del mateix o amb car\u00e0cter previ.<\/p><p>Crom4 Studio Girona exclou, amb les excepcions contemplades a la legislaci\u00f3 vigent, qualsevol responsabilitat pels danys i perjudicis de tota naturalesa que es puguin deure a la manca de disponibilitat, continu\u00eftat o qualitat del funcionament de Crom4 Studio Girona i dels Continguts, en no compliment de l&#8217;expectativa d&#8217;utilitat que l&#8217;USUARI hagu\u00e9s pogut atribuir a Crom4 Studio Girona i als Continguts.<br \/>La funci\u00f3 dels Hiperenlla\u00e7os que apareixen en aquesta Web \u00e9s exclusivament informar l&#8217;Usuari sobre l&#8217;exist\u00e8ncia d&#8217;altres Web que contenen informaci\u00f3 sobre la mat\u00e8ria. Aquests Hiperenlla\u00e7os no constitueixen cap suggeriment ni cap recomanaci\u00f3.<\/p><p>Crom4 Studio Girona no es fa responsable dels continguts d&#8217;aquestes p\u00e0gines enlla\u00e7ades, del funcionament o utilitat dels Hiperenlla\u00e7os ni del resultat d&#8217;aquests enlla\u00e7os, ni garanteix l&#8217;abs\u00e8ncia de virus o altres elements en aquests que puguin produir alteracions en el sistema inform\u00e0tic (hardware i software), els documents o els fitxers de l&#8217;Usuari, excloent-ne qualsevol responsabilitat.<\/p><p>L&#8217;acc\u00e9s a Crom4 Studio Girona no implica l&#8217;obligaci\u00f3 per part de Crom4 Studio Girona de controlar l&#8217;abs\u00e8ncia de virus, cucs o qualsevol altre element inform\u00e0tic nociu. Correspon a l&#8217;Usuari, en tot cas, la disponibilitat d&#8217;eines adequades per a la detecci\u00f3 i desinfecci\u00f3 de programes inform\u00e0tics nocius, per tant, Crom4 Studio Girona no es fa responsable dels possibles errors de seguretat que es puguin produir durant la prestaci\u00f3 del servei de Crom4 Studio Girona, ni dels possibles danys que puguin causar-se al sistema inform\u00e0tic de l&#8217;Usuari mateix, com a conseq\u00fc\u00e8ncia de la pres\u00e8ncia de virus a l&#8217;ordinador de l&#8217;Usuari utilitzat per a la connexi\u00f3 als serveis i continguts de la Web, d&#8217;un mal funcionament del navegador o de l&#8217;\u00fas de versions no actualitzades.<\/p><p>La prestaci\u00f3 del servei de Crom4 Studio Girona i dels Continguts t\u00e9, en principi, durada indefinida. Crom4 Studio Girona, no obstant, queda autoritzat per donar per acabada o suspendre la prestaci\u00f3 del servei Crom4 Studio Girona i\/o de qualsevol dels Continguts en qualsevol moment. Quan aix\u00f2 sigui raonablement possible, Crom4 Studio Girona advertir\u00e0 pr\u00e8viament la terminaci\u00f3 o suspensi\u00f3 del contracte Crom4 Studio Girona.<\/p><p><br \/><strong>QUALITAT DE Crom4 Studio Girona<\/strong><br \/>Donat l&#8217;entorn din\u00e0mic i canviant de la informaci\u00f3 i serveis que se subministren per mitj\u00e0 de Crom4 Studio Girona, Crom4 Studio Girona realitza el millor esfor\u00e7, per\u00f2 no garanteix la completa veracitat, exactitud, fiabilitat, utilitat i\/o actualitat dels continguts. La informaci\u00f3 continguda a les p\u00e0gines que componen aquest Portal nom\u00e9s t\u00e9 car\u00e0cter informatiu, consultiu, divulgatiu i publicitari. En cap cas no ofereixen ni tenen car\u00e0cter de comprom\u00eds vinculant o contractual.<\/p><p><br \/><strong>LIMITACI\u00d3 DE RESPONSABILITAT<\/strong><br \/>Crom4 Studio Girona exclou tota responsabilitat per les decisions que l&#8217;Usuari pugui prendre basat en aquesta informaci\u00f3, aix\u00ed com pels possibles errors tipogr\u00e0fics que puguin contenir els documents i els gr\u00e0fics de Crom4 Studio Girona. La informaci\u00f3 est\u00e0 sotmesa a possibles canvis peri\u00f2dics sense av\u00eds previ del seu contingut per ampliaci\u00f3, millora, correcci\u00f3 o actualitzaci\u00f3 dels continguts.<\/p><p><br \/><strong>NOTIFICACIONS<\/strong><br \/>Totes les notificacions i comunicacions per part de Crom4 Studio Girona a l&#8217;Usuari realitzats per qualsevol mitj\u00e0 es consideraran eficaces amb car\u00e0cter general.<\/p><p><br \/><strong>JURISDICCI\u00d3<\/strong><br \/>Per a totes les q\u00fcestions que se suscitin sobre la interpretaci\u00f3, l&#8217;aplicaci\u00f3 i el compliment d&#8217;aquest Av\u00eds Legal, aix\u00ed com de les reclamacions que es puguin derivar del seu \u00fas, totes les parts intervinents se sotmeten als jutges i tribunals de la prov\u00edncia de Madrid, renunciant de forma expressa a qualsevol altre fur que els pugui correspondre.<\/p><p><br \/><strong>LEGISLACI\u00d3 APLICABLE<\/strong><br \/>Aquest Av\u00eds Legal es regeix per la normativa espanyola vigent.<\/p>\t\t\t\t\t\t\t\t<\/div>\n\t\t\t\t\t<\/div>\n\t\t\t\t<\/div>\n\t\t\t\t<\/div>\n\t\t","protected":false},"excerpt":{"rendered":"<p>DADES IDENTIFICATIVES DEL TITULAR DEL LLOC WEB En compliment del deure d&#8217;informaci\u00f3 estipulat a l&#8217;article 10 de la Llei 34\/2002 d&#8217;11 de juliol de Serveis de la Societat de la Informaci\u00f3 i de Comer\u00e7 Electr\u00f2nic, Crom4 Studio Girona amb CIF\/NIF B67041632, en endavant Crom4 Studio Girona, en qualitat de titular del lloc web cineaec.com, amb [&hellip;]<\/p>\n","protected":false},"author":2,"featured_media":0,"parent":0,"menu_order":0,"comment_status":"closed","ping_status":"closed","template":"","meta":{"_acf_changed":false,"footnotes":""},"class_list":["post-536","page","type-page","status-publish","hentry"],"acf":[],"yoast_head":"<!-- This site is optimized with the Yoast SEO plugin v26.5 - https:\/\/yoast.com\/wordpress\/plugins\/seo\/ -->\n<title>Legal advice - CrOM4 Studio Girona<\/title>\n<meta name=\"robots\" content=\"noindex, nofollow\" \/>\n<meta property=\"og:locale\" content=\"en_US\" \/>\n<meta property=\"og:type\" content=\"article\" \/>\n<meta property=\"og:title\" content=\"Legal advice - CrOM4 Studio Girona\" \/>\n<meta property=\"og:description\" content=\"DADES IDENTIFICATIVES DEL TITULAR DEL LLOC WEB En compliment del deure d&#8217;informaci\u00f3 estipulat a l&#8217;article 10 de la Llei 34\/2002 d&#8217;11 de juliol de Serveis de la Societat de la Informaci\u00f3 i de Comer\u00e7 Electr\u00f2nic, Crom4 Studio Girona amb CIF\/NIF B67041632, en endavant Crom4 Studio Girona, en qualitat de titular del lloc web cineaec.com, amb [&hellip;]\" \/>\n<meta property=\"og:url\" content=\"https:\/\/crom4studio.com\/en\/legal-advice\" \/>\n<meta property=\"og:site_name\" content=\"CrOM4 Studio Girona\" \/>\n<meta property=\"article:modified_time\" content=\"2025-12-10T10:22:56+00:00\" \/>\n<meta name=\"twitter:card\" content=\"summary_large_image\" \/>\n<meta name=\"twitter:label1\" content=\"Est. reading time\" \/>\n\t<meta name=\"twitter:data1\" content=\"8 minutes\" \/>\n<script type=\"application\/ld+json\" class=\"yoast-schema-graph\">{\"@context\":\"https:\/\/schema.org\",\"@graph\":[{\"@type\":\"WebPage\",\"@id\":\"https:\/\/crom4studio.com\/en\/legal-advice\",\"url\":\"https:\/\/crom4studio.com\/en\/legal-advice\",\"name\":\"Legal advice - CrOM4 Studio Girona\",\"isPartOf\":{\"@id\":\"https:\/\/crom4studio.com\/en#website\"},\"datePublished\":\"2025-12-10T10:13:14+00:00\",\"dateModified\":\"2025-12-10T10:22:56+00:00\",\"breadcrumb\":{\"@id\":\"https:\/\/crom4studio.com\/en\/legal-advice#breadcrumb\"},\"inLanguage\":\"en-US\",\"potentialAction\":[{\"@type\":\"ReadAction\",\"target\":[\"https:\/\/crom4studio.com\/en\/legal-advice\"]}]},{\"@type\":\"BreadcrumbList\",\"@id\":\"https:\/\/crom4studio.com\/en\/legal-advice#breadcrumb\",\"itemListElement\":[{\"@type\":\"ListItem\",\"position\":1,\"name\":\"Portada\",\"item\":\"https:\/\/crom4studio.com\/en\/home\"},{\"@type\":\"ListItem\",\"position\":2,\"name\":\"Legal advice\"}]},{\"@type\":\"WebSite\",\"@id\":\"https:\/\/crom4studio.com\/en#website\",\"url\":\"https:\/\/crom4studio.com\/en\",\"name\":\"CrOM4 Studio Girona\",\"description\":\"Photo &amp; Film Rental Studio\",\"publisher\":{\"@id\":\"https:\/\/crom4studio.com\/en#organization\"},\"potentialAction\":[{\"@type\":\"SearchAction\",\"target\":{\"@type\":\"EntryPoint\",\"urlTemplate\":\"https:\/\/crom4studio.com\/en?s={search_term_string}\"},\"query-input\":{\"@type\":\"PropertyValueSpecification\",\"valueRequired\":true,\"valueName\":\"search_term_string\"}}],\"inLanguage\":\"en-US\"},{\"@type\":\"Organization\",\"@id\":\"https:\/\/crom4studio.com\/en#organization\",\"name\":\"CrOM4 Studio Girona\",\"url\":\"https:\/\/crom4studio.com\/en\",\"logo\":{\"@type\":\"ImageObject\",\"inLanguage\":\"en-US\",\"@id\":\"https:\/\/crom4studio.com\/en#\/schema\/logo\/image\/\",\"url\":\"https:\/\/crom4studio.com\/wp-content\/uploads\/2025\/12\/descarga.png\",\"contentUrl\":\"https:\/\/crom4studio.com\/wp-content\/uploads\/2025\/12\/descarga.png\",\"width\":448,\"height\":636,\"caption\":\"CrOM4 Studio Girona\"},\"image\":{\"@id\":\"https:\/\/crom4studio.com\/en#\/schema\/logo\/image\/\"}}]}<\/script>\n<!-- \/ Yoast SEO plugin. -->","yoast_head_json":{"title":"Legal advice - CrOM4 Studio Girona","robots":{"index":"noindex","follow":"nofollow"},"og_locale":"en_US","og_type":"article","og_title":"Legal advice - CrOM4 Studio Girona","og_description":"DADES IDENTIFICATIVES DEL TITULAR DEL LLOC WEB En compliment del deure d&#8217;informaci\u00f3 estipulat a l&#8217;article 10 de la Llei 34\/2002 d&#8217;11 de juliol de Serveis de la Societat de la Informaci\u00f3 i de Comer\u00e7 Electr\u00f2nic, Crom4 Studio Girona amb CIF\/NIF B67041632, en endavant Crom4 Studio Girona, en qualitat de titular del lloc web cineaec.com, amb [&hellip;]","og_url":"https:\/\/crom4studio.com\/en\/legal-advice","og_site_name":"CrOM4 Studio Girona","article_modified_time":"2025-12-10T10:22:56+00:00","twitter_card":"summary_large_image","twitter_misc":{"Est. reading time":"8 minutes"},"schema":{"@context":"https:\/\/schema.org","@graph":[{"@type":"WebPage","@id":"https:\/\/crom4studio.com\/en\/legal-advice","url":"https:\/\/crom4studio.com\/en\/legal-advice","name":"Legal advice - CrOM4 Studio Girona","isPartOf":{"@id":"https:\/\/crom4studio.com\/en#website"},"datePublished":"2025-12-10T10:13:14+00:00","dateModified":"2025-12-10T10:22:56+00:00","breadcrumb":{"@id":"https:\/\/crom4studio.com\/en\/legal-advice#breadcrumb"},"inLanguage":"en-US","potentialAction":[{"@type":"ReadAction","target":["https:\/\/crom4studio.com\/en\/legal-advice"]}]},{"@type":"BreadcrumbList","@id":"https:\/\/crom4studio.com\/en\/legal-advice#breadcrumb","itemListElement":[{"@type":"ListItem","position":1,"name":"Portada","item":"https:\/\/crom4studio.com\/en\/home"},{"@type":"ListItem","position":2,"name":"Legal advice"}]},{"@type":"WebSite","@id":"https:\/\/crom4studio.com\/en#website","url":"https:\/\/crom4studio.com\/en","name":"CrOM4 Studio Girona","description":"Photo &amp; Film Rental Studio","publisher":{"@id":"https:\/\/crom4studio.com\/en#organization"},"potentialAction":[{"@type":"SearchAction","target":{"@type":"EntryPoint","urlTemplate":"https:\/\/crom4studio.com\/en?s={search_term_string}"},"query-input":{"@type":"PropertyValueSpecification","valueRequired":true,"valueName":"search_term_string"}}],"inLanguage":"en-US"},{"@type":"Organization","@id":"https:\/\/crom4studio.com\/en#organization","name":"CrOM4 Studio Girona","url":"https:\/\/crom4studio.com\/en","logo":{"@type":"ImageObject","inLanguage":"en-US","@id":"https:\/\/crom4studio.com\/en#\/schema\/logo\/image\/","url":"https:\/\/crom4studio.com\/wp-content\/uploads\/2025\/12\/descarga.png","contentUrl":"https:\/\/crom4studio.com\/wp-content\/uploads\/2025\/12\/descarga.png","width":448,"height":636,"caption":"CrOM4 Studio Girona"},"image":{"@id":"https:\/\/crom4studio.com\/en#\/schema\/logo\/image\/"}}]}},"_links":{"self":[{"href":"https:\/\/crom4studio.com\/en\/wp-json\/wp\/v2\/pages\/536","targetHints":{"allow":["GET"]}}],"collection":[{"href":"https:\/\/crom4studio.com\/en\/wp-json\/wp\/v2\/pages"}],"about":[{"href":"https:\/\/crom4studio.com\/en\/wp-json\/wp\/v2\/types\/page"}],"author":[{"embeddable":true,"href":"https:\/\/crom4studio.com\/en\/wp-json\/wp\/v2\/users\/2"}],"replies":[{"embeddable":true,"href":"https:\/\/crom4studio.com\/en\/wp-json\/wp\/v2\/comments?post=536"}],"version-history":[{"count":1,"href":"https:\/\/crom4studio.com\/en\/wp-json\/wp\/v2\/pages\/536\/revisions"}],"predecessor-version":[{"id":537,"href":"https:\/\/crom4studio.com\/en\/wp-json\/wp\/v2\/pages\/536\/revisions\/537"}],"wp:attachment":[{"href":"https:\/\/crom4studio.com\/en\/wp-json\/wp\/v2\/media?parent=536"}],"curies":[{"name":"wp","href":"https:\/\/api.w.org\/{rel}","templated":true}]}}